{"id":918,"date":"2025-05-21T01:44:20","date_gmt":"2025-05-21T01:44:20","guid":{"rendered":"https:\/\/yellow-porpoise-526252.hostingersite.com\/home\/"},"modified":"2025-11-30T17:35:02","modified_gmt":"2025-11-30T17:35:02","slug":"home","status":"publish","type":"page","link":"https:\/\/parkersbeautyshop.com\/en\/","title":{"rendered":"+15 000 clients satisfaits : des dreadlocks parfaites, entretien expert"},"content":{"rendered":"\n<div class=\"wp-block-uagb-advanced-heading uagb-block-e00070ba\"><\/div>\n\n\n\n<div class=\"wp-block-uagb-container uagb-block-4f69e7b6 alignfull uagb-is-root-container\"><div class=\"uagb-container-inner-blocks-wrap\">\n<div class=\"wp-block-uagb-container uagb-block-93c913dd\">\n<div class=\"wp-block-uagb-info-box uagb-block-a4ba36c0 uagb-infobox__content-wrap  uagb-infobox-icon-above-title uagb-infobox-image-valign-top\"><div class=\"uagb-ifb-content\"><div class=\"uagb-ifb-title-wrap\"><\/div><p class=\"uagb-ifb-desc\">Chez Parker\u2019s Beauty Shop, nous sublimons vos locks avec expertise, douceur et passion, au c\u0153ur d&rsquo;Abidjan.<\/p><\/div><\/div>\n\n\n\n<div class=\"wp-block-buttons is-content-justification-center is-layout-flex wp-container-core-buttons-is-layout-a89b3969 wp-block-buttons-is-layout-flex\">\n<div class=\"wp-block-button is-style-fill\"><a class=\"wp-block-button__link has-white-color has-ast-global-color-1-background-color has-text-color has-background has-link-color has-border-color has-ast-global-color-0-border-color has-text-align-center wp-element-button\" href=\"https:\/\/parkersbeautyshop.com\/Appointment\/\" style=\"border-style:solid;border-width:3px\" target=\"_blank\" rel=\"noreferrer noopener\">Offrez \u00e0 vos locks ce qu\u2019elles m\u00e9ritent \u2197<\/a><\/div>\n<\/div>\n<\/div>\n\n\n\n<div class=\"wp-block-uagb-container uagb-block-f9b39bd7\">\n<div class=\"wp-block-uagb-image uagb-block-d48a5ba2 wp-block-uagb-image--layout-default wp-block-uagb-image--effect-static wp-block-uagb-image--align-none\"><figure class=\"wp-block-uagb-image__figure\"><img loading=\"lazy\" decoding=\"async\" srcset=\"https:\/\/parkersbeautyshop.com\/wp-content\/uploads\/2025\/06\/Dreadlocks-coloriage-abidjan-484x1024.webp ,https:\/\/parkersbeautyshop.com\/wp-content\/uploads\/2025\/06\/Dreadlocks-coloriage-abidjan-scaled.webp 780w, https:\/\/parkersbeautyshop.com\/wp-content\/uploads\/2025\/06\/Dreadlocks-coloriage-abidjan-scaled.webp 360w\" sizes=\"auto, (max-width: 480px) 150px\" src=\"https:\/\/parkersbeautyshop.com\/wp-content\/uploads\/2025\/06\/Dreadlocks-coloriage-abidjan-484x1024.webp\" alt=\"Dreadlocks, coloriage, soins capillaires r\u00e9alis\u00e9 par Parker's Hair Shop \u00e0 Abidjan\" class=\"uag-image-1467\" width=\"484\" height=\"1024\" title=\"Dreadlocks-coloriage-abidjan\" loading=\"lazy\" role=\"img\"\/><\/figure><\/div>\n<\/div>\n<\/div><\/div>\n\n\n\n<div class=\"wp-block-uagb-container uagb-layout-flex uagb-block-c8065528 default uagb-is-root-container\">\n<script>\n  if (typeof hasAmeliaEntitiesApiCall === 'undefined' && ('' === '' && '' !== '1')) {\n    var hasAmeliaEntitiesApiCall = true;\n  }\n  var ameliaShortcodeData = (typeof ameliaShortcodeData === 'undefined') ? [] : ameliaShortcodeData;\n  ameliaShortcodeData.push(\n    {\n      'hasApiCall': (typeof hasAmeliaEntitiesApiCall !== 'undefined') && hasAmeliaEntitiesApiCall,\n      'trigger': '',\n      'trigger_type': '',\n      'triggered_form': 'sbsNew',\n      'in_dialog': '',\n      'show': '',\n      'counter': '1000',\n      'category': '',\n      'service': '',\n      'employee': '',\n      'location': '',\n      'package': '',\n      'layout': '',\n    }\n  );\n\n  var ameliaShortcodeDataTriggered = (typeof ameliaShortcodeDataTriggered === 'undefined') ? [] : ameliaShortcodeDataTriggered;\n  if (ameliaShortcodeData[ameliaShortcodeData.length - 1].trigger !== '') {\n    if (ameliaShortcodeDataTriggered.filter(a => a.counter === ameliaShortcodeData[ameliaShortcodeData.length - 1].counter).length === 0) {\n      ameliaShortcodeDataTriggered.push(ameliaShortcodeData.pop());\n    } else {\n      ameliaShortcodeData.pop()\n    }\n  }\n  if (typeof hasAmeliaEntitiesApiCall !== 'undefined' && hasAmeliaEntitiesApiCall) {\n    hasAmeliaEntitiesApiCall = false;\n  }\n<\/script>\n\n<div\n  id=\"amelia-v2-booking-1000\"\n  class=\"amelia-v2-booking\"\n >\n    <step-form-wrapper><\/step-form-wrapper><\/div>\n\n\n\n\n<div class=\"wp-block-uagb-container uagb-block-368c4dd8\">\n<div class=\"wp-block-uagb-info-box uagb-block-de866ac1 uagb-infobox__content-wrap  uagb-infobox-icon-above-title uagb-infobox-image-valign-top wp-block-uagb-info-box--has-margin\"><div class=\"uagb-infobox-margin-wrapper\"><div class=\"uagb-ifb-content\"><div class=\"uagb-ifb-title-wrap\"><h2 class=\"uagb-ifb-title\">Vos Locks avec Parker\u2019s Hair Shop<\/h2><\/div><p class=\"uagb-ifb-desc\">Vous recherchez un salon sp\u00e9cialis\u00e9 en locks \u00e0 Abidjan ?<br>Chez Parker&rsquo;s Hair Shop, nous prenons soin de vos locks avec passion, expertise et bienveillance.<br>Chaque d\u00e9marrage locks est un voyage unique, puissant et magnifique. C\u2019est pourquoi nous proposons des services personnalis\u00e9s, adapt\u00e9s \u00e0 tous les types de cheveux naturels, dans un cadre chaleureux et respectueux de votre style.<br>Nous utilisons des produits naturels, respectueux du cuir chevelu, et prenons le temps de comprendre vos besoins, votre histoire et votre vision. Parce que vos locks m\u00e9ritent une attention authentique, de la racine \u00e0 la pointe.<br><\/p><\/div><\/div><\/div>\n\n\n\n<div class=\"wp-block-buttons is-layout-flex wp-block-buttons-is-layout-flex\">\n<div class=\"wp-block-button is-style-fill\"><a class=\"wp-block-button__link has-white-color has-ast-global-color-1-background-color has-text-color has-background has-link-color has-border-color has-ast-global-color-0-border-color wp-element-button\" href=\"https:\/\/parkersbeautyshop.com\/Appointment\/\" style=\"border-width:3px\" target=\"_blank\" rel=\"noreferrer noopener\">Offrez \u00e0 vos locks ce qu\u2019elles m\u00e9ritent \u2197<\/a><\/div>\n<\/div>\n<\/div>\n<\/div>\n\n\n\n<div class=\"wp-block-uagb-info-box uagb-block-f56105b7 uagb-infobox__content-wrap  uagb-infobox-icon-above-title uagb-infobox-image-valign-top wp-block-uagb-info-box--has-margin\"><div class=\"uagb-infobox-margin-wrapper\"><div class=\"uagb-ifb-content\"><div class=\"uagb-ifb-title-wrap\"><\/div><p class=\"uagb-ifb-desc\">Les tarifs affich\u00e9s sont indicatifs. Le prix final sera pr\u00e9cis\u00e9, selon le nombre de locks \u00e0 traiter et la m\u00e9thode choisie.<\/p><\/div><\/div><\/div>\n\n\n\n<div class=\"wp-block-uagb-advanced-heading uagb-block-71e816c7\"><h2 class=\"uagb-heading-text\">17 Ans de Passion au Service de Vos Locks<\/h2><\/div>\n\n\n\n<div class=\"wp-block-uagb-container uagb-block-17a16e52 alignfull uagb-is-root-container\"><div class=\"uagb-container-inner-blocks-wrap\">\n<div class=\"wp-block-uagb-container uagb-block-6506c1f3\">\n<div class=\"wp-block-uagb-container uagb-block-20b5d3a3\">\n<div class=\"wp-block-uagb-image uagb-block-4d50375b wp-block-uagb-image--layout-default wp-block-uagb-image--effect-static wp-block-uagb-image--align-none\"><figure class=\"wp-block-uagb-image__figure\"><img loading=\"lazy\" decoding=\"async\" srcset=\"\/wp-content\/uploads\/2025\/06\/Sister-locks-abidjan-297x300.webp ,https:\/\/parkersbeautyshop.com\/wp-content\/uploads\/2025\/06\/Sister-locks-abidjan.jpg 780w, https:\/\/parkersbeautyshop.com\/wp-content\/uploads\/2025\/06\/Sister-locks-abidjan.jpg 360w\" sizes=\"auto, (max-width: 480px) 150px\" src=\"\/wp-content\/uploads\/2025\/06\/Sister-locks-abidjan-297x300.webp\" alt=\"Sister locks r\u00e9alis\u00e9 par Parker's Hair Shop \u00e0 Abidjan\" class=\"uag-image-1434\" width=\"297\" height=\"300\" title=\"Sister locks-abidjan\" loading=\"lazy\" role=\"img\"\/><\/figure><\/div>\n\n\n\n<div class=\"wp-block-uagb-container uagb-block-b1fffcda\">\n<div class=\"wp-block-uagb-advanced-heading uagb-block-527c9878\"><h5 class=\"uagb-heading-text\">Entretien et Coiffure des Dreadlocks<\/h5><p class=\"uagb-desc-text\">Sp\u00e9cialistes des dreadlocks naturelles \u00e0 Abidjan, nous proposons un entretien expert, un stylisme personnalis\u00e9 et des soins capillaires adapt\u00e9s \u00e0 chaque texture.<br>Que vous souhaitiez d\u00e9marrer vos locks, r\u00e9aliser un retwist, ajouter des extensions, une coloration, ou simplement entretenir votre coiffure, nous sommes l\u00e0 pour r\u00e9v\u00e9ler la beaut\u00e9 de vos cheveux.<br>Prenez rendez-vous d\u00e8s aujourd\u2019hui \u2014 et laissez vos locks raconter leur histoire, avec style.<br><\/p><\/div>\n\n\n\n<div class=\"wp-block-buttons is-content-justification-center is-layout-flex wp-container-core-buttons-is-layout-a89b3969 wp-block-buttons-is-layout-flex\">\n<div class=\"wp-block-button\"><a class=\"wp-block-button__link has-white-color has-ast-global-color-1-background-color has-text-color has-background has-link-color has-border-color has-ast-global-color-0-border-color has-text-align-center wp-element-button\" href=\"https:\/\/parkersbeautyshop.com\/Appointment\/\" style=\"border-width:3px\" target=\"_blank\" rel=\"noreferrer noopener\">Offrez \u00e0 vos locks ce qu\u2019elles m\u00e9ritent \u2197<\/a><\/div>\n<\/div>\n<\/div>\n<\/div>\n<\/div>\n\n\n\n<div class=\"wp-block-uagb-container uagb-block-25156328\">\n<div class=\"wp-block-uagb-container uagb-block-5efe420e alignfull uagb-is-root-container\"><div class=\"uagb-container-inner-blocks-wrap\">\n<div class=\"wp-block-uagb-image uagb-block-31b5e7fc wp-block-uagb-image--layout-default wp-block-uagb-image--effect-static wp-block-uagb-image--align-none\"><figure class=\"wp-block-uagb-image__figure\"><img loading=\"lazy\" decoding=\"async\" srcset=\"https:\/\/parkersbeautyshop.com\/wp-content\/uploads\/2025\/06\/Selection-Produits-cheveux-peau.jpeg ,https:\/\/parkersbeautyshop.com\/wp-content\/uploads\/2025\/06\/Selection-Produits-cheveux-peau.jpeg 780w, https:\/\/parkersbeautyshop.com\/wp-content\/uploads\/2025\/06\/Selection-Produits-cheveux-peau.jpeg 360w\" sizes=\"auto, (max-width: 480px) 150px\" src=\"https:\/\/parkersbeautyshop.com\/wp-content\/uploads\/2025\/06\/Selection-Produits-cheveux-peau.jpeg\" alt=\"Produits naturels pour la beaut\u00e9 de vos cheveux et de votre peau\" class=\"uag-image-1500\" width=\"297\" height=\"300\" title=\"Se\u0301lection-Produits-cheveux-peau\" loading=\"lazy\" role=\"img\"\/><\/figure><\/div>\n\n\n\n<div class=\"wp-block-uagb-container uagb-block-77f60742\">\n<div class=\"wp-block-uagb-advanced-heading uagb-block-348344a3\"><h5 class=\"uagb-heading-text\">Produits Naturels pour la Beaut\u00e9 de vos Cheveux et de votre Peau<\/h5><p class=\"uagb-desc-text\">Explorez notre gamme de produits con\u00e7us pour l\u2019entretien des dreadlocks, le soin en profondeur du cuir chevelu, l\u2019hydratation capillaire durable, ainsi que la protection naturelle de votre peau.<br>Nous avons s\u00e9lectionn\u00e9 des soins de qualit\u00e9, \u00e0 base d\u2019ingr\u00e9dients naturels, sp\u00e9cialement pens\u00e9s pour r\u00e9pondre aux besoins des cheveux textur\u00e9s, des locks en formation, ou d\u00e9j\u00e0 matures.<br>Tous nos produits sont test\u00e9s, approuv\u00e9s, et parfaitement adapt\u00e9s aux cheveux naturels, aux cuirs chevelus sensibles, et \u00e0 celles et ceux qui recherchent une routine simple, efficace et respectueuse de leur beaut\u00e9 authentique.<br><\/p><\/div>\n\n\n\n<div class=\"wp-block-buttons is-content-justification-center is-layout-flex wp-container-core-buttons-is-layout-a89b3969 wp-block-buttons-is-layout-flex\">\n<div class=\"wp-block-button uag-hide-desktop uag-hide-tab uag-hide-mob\"><a class=\"wp-block-button__link has-white-color has-ast-global-color-1-background-color has-text-color has-background has-link-color has-border-color has-ast-global-color-0-border-color has-text-align-center wp-element-button\" href=\"https:\/\/parkersbeautyshop.com\/services\/\" style=\"border-width:3px\" target=\"_blank\" rel=\"noreferrer noopener\">TROUVEZ VOTRE PRODUIT \u2197<\/a><\/div>\n<\/div>\n<\/div>\n<\/div><\/div>\n<\/div>\n<\/div><\/div>\n\n\n\n<div class=\"wp-block-uagb-container uagb-layout-grid uagb-block-f3362a88 alignfull uagb-is-root-container\"><div class=\"uagb-container-inner-blocks-wrap\">\n<div class=\"wp-block-uagb-container uagb-block-484928d5\">\n<div class=\"wp-block-uagb-image uagb-block-27a842a8 wp-block-uagb-image--layout-default wp-block-uagb-image--effect-static wp-block-uagb-image--align-none\"><figure class=\"wp-block-uagb-image__figure\"><img loading=\"lazy\" decoding=\"async\" srcset=\"https:\/\/parkersbeautyshop.com\/wp-content\/uploads\/2025\/06\/Parkers-hair-shop-abidjan-617x1024.webp ,\/wp-content\/uploads\/2025\/06\/Parkers-hair-shop-abidjan-617x1024.webp 780w, https:\/\/parkersbeautyshop.com\/wp-content\/uploads\/2025\/06\/Parkers-hair-shop-abidjan-scaled.webp 360w\" sizes=\"auto, (max-width: 480px) 150px\" src=\"https:\/\/parkersbeautyshop.com\/wp-content\/uploads\/2025\/06\/Parkers-hair-shop-abidjan-617x1024.webp\" alt=\"Dreadlocks r\u00e9alis\u00e9 par Parker's Hair Shop \u00e0 Abidjan\" class=\"uag-image-1464\" width=\"600\" height=\"728\" title=\"Parkers-hair-shop-abidjan\" loading=\"lazy\" role=\"img\"\/><\/figure><\/div>\n<\/div>\n\n\n\n<div class=\"wp-block-uagb-container uagb-block-3fd1e8ef\">\n<div class=\"wp-block-uagb-advanced-heading uagb-block-968bdf41\"><p class=\"uagb-desc-text\"><strong>Nous offrons une gamme compl\u00e8te de services sp\u00e9cialis\u00e9s pour prendre soin de vos locks, \u00e0 chaque \u00e9tape de leur \u00e9volution :<\/strong><br>\u2714\ufe0f <strong>D\u00e9marrage de locks<\/strong> avec m\u00e9thode naturelle adapt\u00e9e \u00e0 votre type de cheveux<br>\u2714\ufe0f <strong>Twist sur cheveux naturels<\/strong>, <strong>twist avec rajouts<\/strong> pour un volume ou un look personnalis\u00e9<br>\u2714\ufe0f <strong>Entretien r\u00e9gulier \/ Retwist<\/strong> pour garder des racines nettes et saines<br>\u2714\ufe0f <strong>Extensions de locks<\/strong>, <strong>faux locks<\/strong>, <strong>laine br\u00e9silienne<\/strong>, <strong>crochet braids<\/strong> pour changer de style ou gagner en longueur<br>\u2714\ufe0f <strong>Stylisme de locks<\/strong> : coiffures protectrices, cr\u00e9atives ou \u00e9l\u00e9gantes selon votre personnalit\u00e9<br>\u2714\ufe0f <strong>Nettoyage en profondeur<\/strong> pour \u00e9liminer les r\u00e9sidus, impuret\u00e9s et produits accumul\u00e9s<br>\u2714\ufe0f <strong>R\u00e9paration de locks ab\u00eem\u00e9es ou cass\u00e9es<\/strong> pour restaurer force et esth\u00e9tique<br>\u2714\ufe0f <strong>Soins du cuir chevelu &amp; d\u00e9tox<\/strong> : pour stimuler la pousse et retrouver un cuir chevelu sain, base de toute belle chevelure.<\/p><\/div>\n\n\n\n<div class=\"wp-block-buttons is-content-justification-center is-layout-flex wp-container-core-buttons-is-layout-a89b3969 wp-block-buttons-is-layout-flex\">\n<div class=\"wp-block-button\"><a class=\"wp-block-button__link has-white-color has-ast-global-color-1-background-color has-text-color has-background has-link-color has-border-color has-ast-global-color-0-border-color has-text-align-center wp-element-button\" href=\"https:\/\/parkersbeautyshop.com\/Appointment\/\" style=\"border-width:3px\" target=\"_blank\" rel=\"noreferrer noopener\">Offrez \u00e0 vos locks ce qu\u2019elles m\u00e9ritent \u2197<\/a><\/div>\n<\/div>\n<\/div>\n<\/div><\/div>\n","protected":false},"excerpt":{"rendered":"<p>17 Ans de Passion au Service de Vos Locks Entretien et Coiffure des Dreadlocks Sp\u00e9cialistes des dreadlocks naturelles \u00e0 Abidjan, [&hellip;]<\/p>\n","protected":false},"author":1,"featured_media":0,"parent":0,"menu_order":0,"comment_status":"closed","ping_status":"closed","template":"","meta":{"_uag_custom_page_level_css":"","site-sidebar-layout":"no-sidebar","site-content-layout":"","ast-site-content-layout":"full-width-container","site-content-style":"unboxed","site-sidebar-style":"default","ast-global-header-display":"","ast-banner-title-visibility":"","ast-main-header-display":"","ast-hfb-above-header-display":"","ast-hfb-below-header-display":"","ast-hfb-mobile-header-display":"","site-post-title":"disabled","ast-breadcrumbs-content":"","ast-featured-img":"","footer-sml-layout":"","ast-disable-related-posts":"","theme-transparent-header-meta":"","adv-header-id-meta":"","stick-header-meta":"","header-above-stick-meta":"","header-main-stick-meta":"","header-below-stick-meta":"","astra-migrate-meta-layouts":"default","ast-page-background-enabled":"default","ast-page-background-meta":{"desktop":{"background-color":"var(--ast-global-color-4)","background-image":"","background-repeat":"repeat","background-position":"center center","background-size":"auto","background-attachment":"scroll","background-type":"","background-media":"","overlay-type":"","overlay-color":"","overlay-opacity":"","overlay-gradient":""},"tablet":{"background-color":"","background-image":"","background-repeat":"repeat","background-position":"center center","background-size":"auto","background-attachment":"scroll","background-type":"","background-media":"","overlay-type":"","overlay-color":"","overlay-opacity":"","overlay-gradient":""},"mobile":{"background-color":"","background-image":"","background-repeat":"repeat","background-position":"center center","background-size":"auto","background-attachment":"scroll","background-type":"","background-media":"","overlay-type":"","overlay-color":"","overlay-opacity":"","overlay-gradient":""}},"ast-content-background-meta":{"desktop":{"background-color":"var(--ast-global-color-5)","background-image":"","background-repeat":"repeat","background-position":"center center","background-size":"auto","background-attachment":"scroll","background-type":"","background-media":"","overlay-type":"","overlay-color":"","overlay-opacity":"","overlay-gradient":""},"tablet":{"background-color":"var(--ast-global-color-5)","background-image":"","background-repeat":"repeat","background-position":"center center","background-size":"auto","background-attachment":"scroll","background-type":"","background-media":"","overlay-type":"","overlay-color":"","overlay-opacity":"","overlay-gradient":""},"mobile":{"background-color":"var(--ast-global-color-5)","background-image":"","background-repeat":"repeat","background-position":"center center","background-size":"auto","background-attachment":"scroll","background-type":"","background-media":"","overlay-type":"","overlay-color":"","overlay-opacity":"","overlay-gradient":""}},"footnotes":""},"class_list":["post-918","page","type-page","status-publish","hentry"],"aioseo_notices":[],"uagb_featured_image_src":{"full":false,"thumbnail":false,"medium":false,"medium_large":false,"large":false,"1536x1536":false,"2048x2048":false,"trp-custom-language-flag":false},"uagb_author_info":{"display_name":"yedjet.s@gmail.com","author_link":"https:\/\/parkersbeautyshop.com\/en\/author\/yedjet-sgmail-com\/"},"uagb_comment_info":0,"uagb_excerpt":"17 Ans de Passion au Service de Vos Locks Entretien et Coiffure des Dreadlocks Sp\u00e9cialistes des dreadlocks naturelles \u00e0 Abidjan, [&hellip;]","_links":{"self":[{"href":"https:\/\/parkersbeautyshop.com\/en\/wp-json\/wp\/v2\/pages\/918","targetHints":{"allow":["GET"]}}],"collection":[{"href":"https:\/\/parkersbeautyshop.com\/en\/wp-json\/wp\/v2\/pages"}],"about":[{"href":"https:\/\/parkersbeautyshop.com\/en\/wp-json\/wp\/v2\/types\/page"}],"author":[{"embeddable":true,"href":"https:\/\/parkersbeautyshop.com\/en\/wp-json\/wp\/v2\/users\/1"}],"replies":[{"embeddable":true,"href":"https:\/\/parkersbeautyshop.com\/en\/wp-json\/wp\/v2\/comments?post=918"}],"version-history":[{"count":113,"href":"https:\/\/parkersbeautyshop.com\/en\/wp-json\/wp\/v2\/pages\/918\/revisions"}],"predecessor-version":[{"id":1516,"href":"https:\/\/parkersbeautyshop.com\/en\/wp-json\/wp\/v2\/pages\/918\/revisions\/1516"}],"wp:attachment":[{"href":"https:\/\/parkersbeautyshop.com\/en\/wp-json\/wp\/v2\/media?parent=918"}],"curies":[{"name":"wp","href":"https:\/\/api.w.org\/{rel}","templated":true}]}}